{"id":469,"date":"2025-03-01T18:14:29","date_gmt":"2025-03-01T17:14:29","guid":{"rendered":"https:\/\/www.babet.pl\/ueber-uns\/"},"modified":"2025-03-14T16:24:35","modified_gmt":"2025-03-14T15:24:35","slug":"ueber-uns","status":"publish","type":"page","link":"https:\/\/www.babet.pl\/de\/ueber-uns\/","title":{"rendered":"\u00dcber uns"},"content":{"rendered":"<div class=\"fusion-fullwidth fullwidth-box fusion-builder-row-1 fusion-flex-container has-pattern-background has-mask-background p-about nonhundred-percent-fullwidth non-hundred-percent-height-scrolling\" style=\"--awb-border-radius-top-left:0px;--awb-border-radius-top-right:0px;--awb-border-radius-bottom-right:0px;--awb-border-radius-bottom-left:0px;--awb-flex-wrap:wrap;\" ><div class=\"fusion-builder-row fusion-row fusion-flex-align-items-flex-start fusion-flex-content-wrap\" style=\"max-width:1289.6px;margin-left: calc(-4% \/ 2 );margin-right: calc(-4% \/ 2 );\"><div class=\"fusion-layout-column fusion_builder_column fusion-builder-column-0 fusion_builder_column_1_1 1_1 fusion-flex-column\" style=\"--awb-bg-size:cover;--awb-width-large:100%;--awb-margin-top-large:0px;--awb-spacing-right-large:1.92%;--awb-margin-bottom-large:0px;--awb-spacing-left-large:1.92%;--awb-width-medium:100%;--awb-spacing-right-medium:1.92%;--awb-spacing-left-medium:1.92%;--awb-width-small:100%;--awb-spacing-right-small:1.92%;--awb-spacing-left-small:1.92%;\"><div class=\"fusion-column-wrapper fusion-flex-justify-content-flex-start fusion-content-layout-column\"><div class=\"fusion-text fusion-text-1\"><p><strong><img decoding=\"async\" class=\"lazyload size-full wp-image-187 alignright\" src=\"https:\/\/www.babet.pl\/wp-content\/uploads\/2025\/03\/babet-biuro.jpg\" data-orig-src=\"https:\/\/www.babet.pl\/wp-content\/uploads\/2025\/03\/babet-biuro.jpg\" alt=\"B\u00fcro Ba Bet\" width=\"310\" height=\"310\" srcset=\"data:image\/svg+xml,%3Csvg%20xmlns%3D%27http%3A%2F%2Fwww.w3.org%2F2000%2Fsvg%27%20width%3D%27310%27%20height%3D%27310%27%20viewBox%3D%270%200%20310%20310%27%3E%3Crect%20width%3D%27310%27%20height%3D%27310%27%20fill-opacity%3D%220%22%2F%3E%3C%2Fsvg%3E\" data-srcset=\"https:\/\/www.babet.pl\/wp-content\/uploads\/2025\/03\/babet-biuro-66x66.jpg 66w, https:\/\/www.babet.pl\/wp-content\/uploads\/2025\/03\/babet-biuro-150x150.jpg 150w, https:\/\/www.babet.pl\/wp-content\/uploads\/2025\/03\/babet-biuro-200x200.jpg 200w, https:\/\/www.babet.pl\/wp-content\/uploads\/2025\/03\/babet-biuro-300x300.jpg 300w, https:\/\/www.babet.pl\/wp-content\/uploads\/2025\/03\/babet-biuro.jpg 310w\" data-sizes=\"auto\" data-orig-sizes=\"(max-width: 310px) 100vw, 310px\" \/>Das Unternehmen BA-BET SP. Z O. O. wurde 2001 als Unternehmen f\u00fcr Schlosser- und Schwei\u00dferdienstleistungen gegr\u00fcndet.<\/strong><\/p>\n<p>Von Anfang an hat sich das Unternehmen die Personalisierung zum Ziel gesetzt und sich unter anderem auf Folgendes spezialisiert. in der Herstellung von hochwertigen Produkten aus Edelstahl, Kohlenstoffstahl und Aluminium.<\/p>\n<p>Wir f\u00fchren sowohl einfache als auch komplexe Projekte f\u00fcr Kunden aus dem Inland und Europa durch. Zu unseren Kunden geh\u00f6ren heute Bergwerke, Industrieanlagen und auch Privatkunden.<\/p>\n<p>Unsere Aktivit\u00e4ten kombinieren individuelle L\u00f6sungen f\u00fcr Projekte und einen unkonventionellen Ansatz f\u00fcr anspruchsvolle Aufgaben.<\/p>\n<\/div><\/div><\/div><\/div><\/div>\n","protected":false},"excerpt":{"rendered":"","protected":false},"author":2,"featured_media":0,"parent":0,"menu_order":0,"comment_status":"closed","ping_status":"closed","template":"100-width.php","meta":{"footnotes":""},"class_list":["post-469","page","type-page","status-publish","hentry"],"_links":{"self":[{"href":"https:\/\/www.babet.pl\/de\/wp-json\/wp\/v2\/pages\/469","targetHints":{"allow":["GET"]}}],"collection":[{"href":"https:\/\/www.babet.pl\/de\/wp-json\/wp\/v2\/pages"}],"about":[{"href":"https:\/\/www.babet.pl\/de\/wp-json\/wp\/v2\/types\/page"}],"author":[{"embeddable":true,"href":"https:\/\/www.babet.pl\/de\/wp-json\/wp\/v2\/users\/2"}],"replies":[{"embeddable":true,"href":"https:\/\/www.babet.pl\/de\/wp-json\/wp\/v2\/comments?post=469"}],"version-history":[{"count":1,"href":"https:\/\/www.babet.pl\/de\/wp-json\/wp\/v2\/pages\/469\/revisions"}],"predecessor-version":[{"id":473,"href":"https:\/\/www.babet.pl\/de\/wp-json\/wp\/v2\/pages\/469\/revisions\/473"}],"wp:attachment":[{"href":"https:\/\/www.babet.pl\/de\/wp-json\/wp\/v2\/media?parent=469"}],"curies":[{"name":"wp","href":"https:\/\/api.w.org\/{rel}","templated":true}]}}