{"id":461,"date":"2025-03-01T18:14:13","date_gmt":"2025-03-01T17:14:13","guid":{"rendered":"https:\/\/www.babet.pl\/dienstleistungen\/ueberholung-von-transportanhaengern\/"},"modified":"2025-03-18T14:32:37","modified_gmt":"2025-03-18T13:32:37","slug":"ueberholung-von-transportanhaengern","status":"publish","type":"page","link":"https:\/\/www.babet.pl\/de\/dienstleistungen\/ueberholung-von-transportanhaengern\/","title":{"rendered":"\u00dcberholung von Transportanh\u00e4ngern"},"content":{"rendered":"<p><div class=\"fusion-fullwidth fullwidth-box fusion-builder-row-1 fusion-flex-container has-pattern-background has-mask-background p-product nonhundred-percent-fullwidth non-hundred-percent-height-scrolling\" style=\"--awb-border-radius-top-left:0px;--awb-border-radius-top-right:0px;--awb-border-radius-bottom-right:0px;--awb-border-radius-bottom-left:0px;--awb-flex-wrap:wrap;\" ><div class=\"fusion-builder-row fusion-row fusion-flex-align-items-flex-start fusion-flex-content-wrap\" style=\"max-width:1289.6px;margin-left: calc(-4% \/ 2 );margin-right: calc(-4% \/ 2 );\"><div class=\"fusion-layout-column fusion_builder_column fusion-builder-column-0 fusion_builder_column_1_1 1_1 fusion-flex-column\" style=\"--awb-bg-size:cover;--awb-width-large:100%;--awb-margin-top-large:0px;--awb-spacing-right-large:1.92%;--awb-margin-bottom-large:0px;--awb-spacing-left-large:1.92%;--awb-width-medium:100%;--awb-spacing-right-medium:1.92%;--awb-spacing-left-medium:1.92%;--awb-width-small:100%;--awb-spacing-right-small:1.92%;--awb-spacing-left-small:1.92%;\"><div class=\"fusion-column-wrapper fusion-flex-justify-content-flex-start fusion-content-layout-column\"><div class=\"fusion-text fusion-text-1\"><p>Reparaturen von <strong>Transportaufliegern<\/strong> &#8211; Wir f\u00fchren Reparaturen an Transportaufliegern durch, einschlie\u00dflich des Austauschs der Beschichtung, der Reparatur von Rissen und mechanischen Sch\u00e4den sowie des Austauschs besch\u00e4digter Komponenten.<\/p>\n<p>Wir bieten einen umfassenden \u00dcberholungs- und Reparaturservice f\u00fcr Transportanh\u00e4nger, der die Fahrzeuge wieder voll funktionsf\u00e4hig macht und die Sicherheit und Langlebigkeit der Nutzung erh\u00f6ht. Unser Angebot umfasst ein breites Spektrum an Wartungsarbeiten, von mechanischen Reparaturen bis hin zum Austausch von Beschichtungen und strukturellen Komponenten.<\/p>\n<h3>Umfang der Renovierungsarbeiten<\/h3>\n<p>Unser Service ist auf eine Vielzahl von Reparaturen an Transportanh\u00e4ngern spezialisiert, darunter:<\/p>\n<ul>\n<li><strong>Austausch der Ummantelung &#8211;<\/strong>wir entfernen abgenutzte oder besch\u00e4digte Elemente der Seitenw\u00e4nde, D\u00e4cher und B\u00f6den und ersetzen sie durch neue Materialien mit hoher Wetter- und Leistungsbest\u00e4ndigkeit.<\/li>\n<li><strong>Reparatur von Rissen und mechanischen Sch\u00e4den &#8211;<\/strong>wir verst\u00e4rken den Aufbau von Anh\u00e4ngern, reparieren Risse im Rahmen und anderen wichtigen Komponenten und stellen die volle Funktionalit\u00e4t wieder her<\/li>\n<\/ul>\n<h3>Wie sieht der Reparaturprozess aus?<\/h3>\n<p>Wir beginnen jede \u00dcberholung mit einer gr\u00fcndlichen Diagnose, bei der wir den technischen Zustand des Anh\u00e4ngers beurteilen und die erforderlichen Reparaturen ermitteln. Anschlie\u00dfend stellen wir dem Kunden einen detaillierten Aktionsplan und eine gesch\u00e4tzte Durchlaufzeit zur Verf\u00fcgung, die vom Umfang der Arbeiten abh\u00e4ngt &#8211; einfache Reparaturen werden innerhalb weniger Arbeitstage durchgef\u00fchrt, w\u00e4hrend komplexe \u00dcberholungen mehr Zeit in Anspruch nehmen k\u00f6nnen.<\/p>\n<p>Sobald der Arbeitsumfang genehmigt ist, machen wir uns an die Arbeit und verwenden hochwertige Materialien und moderne Reparaturtechnologien. Dank unserer erfahrenen Mitarbeiter und der pr\u00e4zisen Ausf\u00fchrung der Arbeiten erh\u00e4lt der Sattelauflieger seine volle Leistungsf\u00e4higkeit und \u00c4sthetik zur\u00fcck.<\/p>\n<h3>Warum sollten Sie unsere Dienste nutzen?<\/h3>\n<p>\u2714 <strong>Erfahrenes Team<\/strong> &#8211; Spezialisten mit langj\u00e4hriger Erfahrung in der Transportbranche.<br \/>\n\u2714 <strong>Individueller Ansatz<\/strong> &#8211; wir stimmen jede Reparatur auf die Besonderheiten des Fahrzeugs und die Anforderungen des Kunden ab.<br \/>\n\u2714 <strong>Hochwertige Materialien<\/strong> &#8211; wir verwenden Komponenten von renommierten Herstellern.<br \/>\n\u2714 <strong>Schnelle und zuverl\u00e4ssige Durchf\u00fchrung<\/strong> &#8211; wir garantieren, dass die Reparaturen effizient durchgef\u00fchrt werden und die Ausfallzeiten im Betrieb des Anh\u00e4ngers minimiert werden.<\/p>\n<p>Wenn Ihr Auflieger repariert oder modernisiert werden muss, kontaktieren Sie uns &#8211; wir erstellen Ihnen ein individuelles Angebot und bieten Ihnen einen professionellen Service!<\/p>\n<\/div><div class=\"awb-gallery-wrapper awb-gallery-wrapper-1 button-span-no\" style=\"--more-btn-alignment:center;\"><div style=\"margin:-5px;--awb-bordersize:0px;\" class=\"fusion-gallery fusion-gallery-container fusion-grid-4 fusion-columns-total-2 fusion-gallery-layout-grid fusion-gallery-1 c-gallery\"><div style=\"padding:5px;\" class=\"fusion-grid-column fusion-gallery-column fusion-gallery-column-4\"><div class=\"fusion-gallery-image fusion-gallery-image-liftup\"><a href=\"https:\/\/www.babet.pl\/wp-content\/uploads\/2025\/03\/Remont-naczep-transportowych-2.jpg\" rel=\"noreferrer\" data-rel=\"iLightbox[gallery_image_1]\" class=\"fusion-lightbox\" target=\"_self\"><img decoding=\"async\" src=\"https:\/\/www.babet.pl\/wp-content\/uploads\/2025\/03\/Remont-naczep-transportowych-2.jpg\" data-orig-src=\"https:\/\/www.babet.pl\/wp-content\/uploads\/2025\/03\/Remont-naczep-transportowych-2.jpg\" width=\"1600\" height=\"1200\" alt=\"\" title=\"Remont naczep transportowych (2)\" aria-label=\"Remont naczep transportowych (2)\" class=\"lazyload img-responsive wp-image-163\" srcset=\"data:image\/svg+xml,%3Csvg%20xmlns%3D%27http%3A%2F%2Fwww.w3.org%2F2000%2Fsvg%27%20width%3D%271600%27%20height%3D%271200%27%20viewBox%3D%270%200%201600%201200%27%3E%3Crect%20width%3D%271600%27%20height%3D%271200%27%20fill-opacity%3D%220%22%2F%3E%3C%2Fsvg%3E\" data-srcset=\"https:\/\/www.babet.pl\/wp-content\/uploads\/2025\/03\/Remont-naczep-transportowych-2-200x150.jpg 200w, https:\/\/www.babet.pl\/wp-content\/uploads\/2025\/03\/Remont-naczep-transportowych-2-400x300.jpg 400w, https:\/\/www.babet.pl\/wp-content\/uploads\/2025\/03\/Remont-naczep-transportowych-2-600x450.jpg 600w, https:\/\/www.babet.pl\/wp-content\/uploads\/2025\/03\/Remont-naczep-transportowych-2-800x600.jpg 800w, https:\/\/www.babet.pl\/wp-content\/uploads\/2025\/03\/Remont-naczep-transportowych-2-1200x900.jpg 1200w, https:\/\/www.babet.pl\/wp-content\/uploads\/2025\/03\/Remont-naczep-transportowych-2.jpg 1600w\" data-sizes=\"auto\" data-orig-sizes=\"(min-width: 2200px) 100vw, (min-width: 856px) 306px, (min-width: 784px) 408px, (min-width: 712px) 613px, (min-width: 640px) 712px, \" \/><\/a><\/div><\/div><div style=\"padding:5px;\" class=\"fusion-grid-column fusion-gallery-column fusion-gallery-column-4\"><div class=\"fusion-gallery-image fusion-gallery-image-liftup\"><a href=\"https:\/\/www.babet.pl\/wp-content\/uploads\/2025\/03\/Remont-naczep-transportowych-1.jpg\" rel=\"noreferrer\" data-rel=\"iLightbox[gallery_image_1]\" class=\"fusion-lightbox\" target=\"_self\"><img decoding=\"async\" src=\"https:\/\/www.babet.pl\/wp-content\/uploads\/2025\/03\/Remont-naczep-transportowych-1.jpg\" data-orig-src=\"https:\/\/www.babet.pl\/wp-content\/uploads\/2025\/03\/Remont-naczep-transportowych-1.jpg\" width=\"1600\" height=\"1200\" alt=\"\" title=\"Remont naczep transportowych (1)\" aria-label=\"Remont naczep transportowych (1)\" class=\"lazyload img-responsive wp-image-165\" srcset=\"data:image\/svg+xml,%3Csvg%20xmlns%3D%27http%3A%2F%2Fwww.w3.org%2F2000%2Fsvg%27%20width%3D%271600%27%20height%3D%271200%27%20viewBox%3D%270%200%201600%201200%27%3E%3Crect%20width%3D%271600%27%20height%3D%271200%27%20fill-opacity%3D%220%22%2F%3E%3C%2Fsvg%3E\" data-srcset=\"https:\/\/www.babet.pl\/wp-content\/uploads\/2025\/03\/Remont-naczep-transportowych-1-200x150.jpg 200w, https:\/\/www.babet.pl\/wp-content\/uploads\/2025\/03\/Remont-naczep-transportowych-1-400x300.jpg 400w, https:\/\/www.babet.pl\/wp-content\/uploads\/2025\/03\/Remont-naczep-transportowych-1-600x450.jpg 600w, https:\/\/www.babet.pl\/wp-content\/uploads\/2025\/03\/Remont-naczep-transportowych-1-800x600.jpg 800w, https:\/\/www.babet.pl\/wp-content\/uploads\/2025\/03\/Remont-naczep-transportowych-1-1200x900.jpg 1200w, https:\/\/www.babet.pl\/wp-content\/uploads\/2025\/03\/Remont-naczep-transportowych-1.jpg 1600w\" data-sizes=\"auto\" data-orig-sizes=\"(min-width: 2200px) 100vw, (min-width: 856px) 306px, (min-width: 784px) 408px, (min-width: 712px) 613px, (min-width: 640px) 712px, \" \/><\/a><\/div><\/div><\/div><\/div><\/div><\/div><\/div><\/div><div class=\"fusion-fullwidth fullwidth-box fusion-builder-row-2 fusion-flex-container has-pattern-background has-mask-background r-service p-service-more nonhundred-percent-fullwidth non-hundred-percent-height-scrolling\" style=\"--awb-border-radius-top-left:0px;--awb-border-radius-top-right:0px;--awb-border-radius-bottom-right:0px;--awb-border-radius-bottom-left:0px;--awb-flex-wrap:wrap;\" ><div class=\"fusion-builder-row fusion-row fusion-flex-align-items-flex-start fusion-flex-justify-content-center fusion-flex-content-wrap\" style=\"max-width:1339.2px;margin-left: calc(-8% \/ 2 );margin-right: calc(-8% \/ 2 );\"><div class=\"fusion-layout-column fusion_builder_column fusion-builder-column-1 fusion_builder_column_1_1 1_1 fusion-flex-column s-title\" style=\"--awb-bg-size:cover;--awb-width-large:100%;--awb-margin-top-large:0px;--awb-spacing-right-large:3.68%;--awb-margin-bottom-large:20px;--awb-spacing-left-large:3.68%;--awb-width-medium:100%;--awb-order-medium:0;--awb-spacing-right-medium:3.68%;--awb-spacing-left-medium:3.68%;--awb-width-small:100%;--awb-order-small:0;--awb-spacing-right-small:3.68%;--awb-spacing-left-small:3.68%;\" data-scroll-devices=\"small-visibility,medium-visibility,large-visibility\"><div class=\"fusion-column-wrapper fusion-column-has-shadow fusion-flex-justify-content-flex-start fusion-content-layout-column\"><div class=\"fusion-text fusion-text-2 c-title\"><p>Siehe auch:<\/p>\n<\/div><\/div><\/div><div class=\"fusion-layout-column fusion_builder_column fusion-builder-column-2 fusion_builder_column_1_3 1_3 fusion-flex-column c-box fusion-column-inner-bg-wrapper\" style=\"--awb-inner-bg-size:cover;--awb-width-large:33.333333333333%;--awb-margin-top-large:0px;--awb-spacing-right-large:11.04%;--awb-margin-bottom-large:20px;--awb-spacing-left-large:11.04%;--awb-width-medium:33.333333333333%;--awb-order-medium:0;--awb-spacing-right-medium:11.04%;--awb-spacing-left-medium:11.04%;--awb-width-small:100%;--awb-order-small:0;--awb-spacing-right-small:3.68%;--awb-spacing-left-small:3.68%;\" data-scroll-devices=\"small-visibility,medium-visibility,large-visibility\"><span class=\"fusion-column-inner-bg hover-type-none\"><a class=\"fusion-column-anchor\" href=\"https:\/\/www.babet.pl\/de\/dienstleistungen\/schweissen-dienstleistungen\/\"><span class=\"fusion-column-inner-bg-image\"><\/span><\/a><\/span><div class=\"fusion-column-wrapper fusion-column-has-shadow fusion-flex-justify-content-flex-start fusion-content-layout-column\"><div class=\"fusion-text fusion-text-3 c-text\"><h2>Schwei\u00dfen Dienstleistungen<\/h2>\n<p>Wir bieten qualitativ hochwertige Schwei\u00dfdienstleistungen, die von zertifizierten TIG-, MIG\/MAG-Schwei\u00dfern ausgef\u00fchrt werden.<\/p>\n<\/div><div class=\"fusion-image-element \" style=\"text-align:center;--awb-caption-title-font-family:var(--h2_typography-font-family);--awb-caption-title-font-weight:var(--h2_typography-font-weight);--awb-caption-title-font-style:var(--h2_typography-font-style);--awb-caption-title-size:var(--h2_typography-font-size);--awb-caption-title-transform:var(--h2_typography-text-transform);--awb-caption-title-line-height:var(--h2_typography-line-height);--awb-caption-title-letter-spacing:var(--h2_typography-letter-spacing);\"><span class=\" fusion-imageframe imageframe-none imageframe-1 hover-type-none c-image\"><img decoding=\"async\" width=\"321\" height=\"217\" title=\"Us\u0142ugi spawalnicze\" src=\"https:\/\/www.babet.pl\/wp-content\/uploads\/2025\/03\/uslugio_15.jpg\" data-orig-src=\"https:\/\/www.babet.pl\/wp-content\/uploads\/2025\/03\/uslugio_15.jpg\" alt class=\"lazyload img-responsive wp-image-271\" srcset=\"data:image\/svg+xml,%3Csvg%20xmlns%3D%27http%3A%2F%2Fwww.w3.org%2F2000%2Fsvg%27%20width%3D%27321%27%20height%3D%27217%27%20viewBox%3D%270%200%20321%20217%27%3E%3Crect%20width%3D%27321%27%20height%3D%27217%27%20fill-opacity%3D%220%22%2F%3E%3C%2Fsvg%3E\" data-srcset=\"https:\/\/www.babet.pl\/wp-content\/uploads\/2025\/03\/uslugio_15-200x135.jpg 200w, https:\/\/www.babet.pl\/wp-content\/uploads\/2025\/03\/uslugio_15.jpg 321w\" data-sizes=\"auto\" data-orig-sizes=\"(max-width: 640px) 100vw, 321px\" \/><\/span><\/div><div class=\"fusion-text fusion-text-4 c-text c-text-link\"><p><a href=\"#\">Mehr lesen<\/a><\/p>\n<\/div><\/div><\/div><div class=\"fusion-layout-column fusion_builder_column fusion-builder-column-3 fusion_builder_column_1_3 1_3 fusion-flex-column c-box fusion-column-inner-bg-wrapper\" style=\"--awb-inner-bg-size:cover;--awb-width-large:33.333333333333%;--awb-margin-top-large:0px;--awb-spacing-right-large:11.04%;--awb-margin-bottom-large:20px;--awb-spacing-left-large:11.04%;--awb-width-medium:33.333333333333%;--awb-order-medium:0;--awb-spacing-right-medium:11.04%;--awb-spacing-left-medium:11.04%;--awb-width-small:100%;--awb-order-small:0;--awb-spacing-right-small:3.68%;--awb-spacing-left-small:3.68%;\" data-scroll-devices=\"small-visibility,medium-visibility,large-visibility\"><span class=\"fusion-column-inner-bg hover-type-none\"><a class=\"fusion-column-anchor\" href=\"https:\/\/www.babet.pl\/de\/dienstleistungen\/schneiden-und-biegen-von-blechen\/\"><span class=\"fusion-column-inner-bg-image\"><\/span><\/a><\/span><div class=\"fusion-column-wrapper fusion-column-has-shadow fusion-flex-justify-content-flex-start fusion-content-layout-column\"><div class=\"fusion-text fusion-text-5 c-text\"><h2>Schneiden und Biegen von Blechen<\/h2>\n<p>Wir sind im Laser- und Plasmaschneiden von Blechen aus Edelstahl, Kohlenstoff und Aluminium t\u00e4tig.<\/p>\n<\/div><div class=\"fusion-image-element \" style=\"text-align:center;--awb-caption-title-font-family:var(--h2_typography-font-family);--awb-caption-title-font-weight:var(--h2_typography-font-weight);--awb-caption-title-font-style:var(--h2_typography-font-style);--awb-caption-title-size:var(--h2_typography-font-size);--awb-caption-title-transform:var(--h2_typography-text-transform);--awb-caption-title-line-height:var(--h2_typography-line-height);--awb-caption-title-letter-spacing:var(--h2_typography-letter-spacing);\"><span class=\" fusion-imageframe imageframe-none imageframe-2 hover-type-none c-image\"><img decoding=\"async\" width=\"321\" height=\"217\" title=\"Us\u0142ugi ci\u0119cia i gi\u0119cia blach\" src=\"https:\/\/www.babet.pl\/wp-content\/uploads\/2025\/03\/uslugio_17.jpg\" data-orig-src=\"https:\/\/www.babet.pl\/wp-content\/uploads\/2025\/03\/uslugio_17.jpg\" alt class=\"lazyload img-responsive wp-image-273\" srcset=\"data:image\/svg+xml,%3Csvg%20xmlns%3D%27http%3A%2F%2Fwww.w3.org%2F2000%2Fsvg%27%20width%3D%27321%27%20height%3D%27217%27%20viewBox%3D%270%200%20321%20217%27%3E%3Crect%20width%3D%27321%27%20height%3D%27217%27%20fill-opacity%3D%220%22%2F%3E%3C%2Fsvg%3E\" data-srcset=\"https:\/\/www.babet.pl\/wp-content\/uploads\/2025\/03\/uslugio_17-200x135.jpg 200w, https:\/\/www.babet.pl\/wp-content\/uploads\/2025\/03\/uslugio_17.jpg 321w\" data-sizes=\"auto\" data-orig-sizes=\"(max-width: 640px) 100vw, 321px\" \/><\/span><\/div><div class=\"fusion-text fusion-text-6 c-text c-text-link\"><p><a href=\"#\">Mehr lesen<\/a><\/p>\n<\/div><\/div><\/div><\/div><\/div><\/p>\n","protected":false},"excerpt":{"rendered":"","protected":false},"author":2,"featured_media":0,"parent":396,"menu_order":0,"comment_status":"closed","ping_status":"closed","template":"100-width.php","meta":{"footnotes":""},"class_list":["post-461","page","type-page","status-publish","hentry"],"_links":{"self":[{"href":"https:\/\/www.babet.pl\/de\/wp-json\/wp\/v2\/pages\/461","targetHints":{"allow":["GET"]}}],"collection":[{"href":"https:\/\/www.babet.pl\/de\/wp-json\/wp\/v2\/pages"}],"about":[{"href":"https:\/\/www.babet.pl\/de\/wp-json\/wp\/v2\/types\/page"}],"author":[{"embeddable":true,"href":"https:\/\/www.babet.pl\/de\/wp-json\/wp\/v2\/users\/2"}],"replies":[{"embeddable":true,"href":"https:\/\/www.babet.pl\/de\/wp-json\/wp\/v2\/comments?post=461"}],"version-history":[{"count":12,"href":"https:\/\/www.babet.pl\/de\/wp-json\/wp\/v2\/pages\/461\/revisions"}],"predecessor-version":[{"id":584,"href":"https:\/\/www.babet.pl\/de\/wp-json\/wp\/v2\/pages\/461\/revisions\/584"}],"up":[{"embeddable":true,"href":"https:\/\/www.babet.pl\/de\/wp-json\/wp\/v2\/pages\/396"}],"wp:attachment":[{"href":"https:\/\/www.babet.pl\/de\/wp-json\/wp\/v2\/media?parent=461"}],"curies":[{"name":"wp","href":"https:\/\/api.w.org\/{rel}","templated":true}]}}