{"id":415,"date":"2025-03-01T18:13:10","date_gmt":"2025-03-01T17:13:10","guid":{"rendered":"https:\/\/www.babet.pl\/produkte\/balustraden\/"},"modified":"2025-03-18T14:14:26","modified_gmt":"2025-03-18T13:14:26","slug":"balustraden","status":"publish","type":"page","link":"https:\/\/www.babet.pl\/de\/produkte\/balustraden\/","title":{"rendered":"Balustraden"},"content":{"rendered":"<p><div class=\"fusion-fullwidth fullwidth-box fusion-builder-row-1 fusion-flex-container has-pattern-background has-mask-background p-product nonhundred-percent-fullwidth non-hundred-percent-height-scrolling\" style=\"--awb-border-radius-top-left:0px;--awb-border-radius-top-right:0px;--awb-border-radius-bottom-right:0px;--awb-border-radius-bottom-left:0px;--awb-flex-wrap:wrap;\" ><div class=\"fusion-builder-row fusion-row fusion-flex-align-items-flex-start fusion-flex-content-wrap\" style=\"max-width:1289.6px;margin-left: calc(-4% \/ 2 );margin-right: calc(-4% \/ 2 );\"><div class=\"fusion-layout-column fusion_builder_column fusion-builder-column-0 fusion_builder_column_1_1 1_1 fusion-flex-column\" style=\"--awb-bg-size:cover;--awb-width-large:100%;--awb-margin-top-large:0px;--awb-spacing-right-large:1.92%;--awb-margin-bottom-large:0px;--awb-spacing-left-large:1.92%;--awb-width-medium:100%;--awb-spacing-right-medium:1.92%;--awb-spacing-left-medium:1.92%;--awb-width-small:100%;--awb-spacing-right-small:1.92%;--awb-spacing-left-small:1.92%;\"><div class=\"fusion-column-wrapper fusion-flex-justify-content-flex-start fusion-content-layout-column\"><div class=\"fusion-text fusion-text-1\"><p><strong>Wir stellen seit \u00fcber 20 Jahren Gel\u00e4nder und Handl\u00e4ufe her!<\/strong><\/p>\n<p>Wir fertigen und montieren geb\u00fcrstete, polierte und satinierte Edelstahlgel\u00e4nder, sowohl in privaten Geb\u00e4uden als auch in \u00f6ffentlichen Bereichen. Unsere Gel\u00e4nder werden sowohl au\u00dferhalb als auch innerhalb von Geb\u00e4uden verwendet.<\/p>\n<p>Unser Angebot umfasst auch Gel\u00e4nder aus Edelstahl mit Pulverbeschichtung nach RAL.<\/p>\n<p>Unsere Produkte zeichnen sich durch ihre Zuverl\u00e4ssigkeit und Verarbeitung aus; wir arbeiten nur mit zugelassenen Materialien. Wir bieten Ihnen eine kompetente Beratung, die auf langj\u00e4hriger Erfahrung beruht.<\/p>\n<p>Wir haben eine gro\u00dfe Auswahl an eigenen Entw\u00fcrfen und f\u00fchren auch Entw\u00fcrfe aus, die wir von unseren Kunden erhalten.<\/p>\n<\/div><div class=\"awb-gallery-wrapper awb-gallery-wrapper-1 button-span-no\" style=\"--more-btn-alignment:center;\"><div style=\"margin:-5px;--awb-bordersize:0px;\" class=\"fusion-gallery fusion-gallery-container fusion-grid-4 fusion-columns-total-7 fusion-gallery-layout-grid fusion-gallery-1 c-gallery\"><div style=\"padding:5px;\" class=\"fusion-grid-column fusion-gallery-column fusion-gallery-column-4\"><div class=\"fusion-gallery-image fusion-gallery-image-liftup\"><a href=\"https:\/\/www.babet.pl\/wp-content\/uploads\/2025\/03\/balustrady-3.jpg\" rel=\"noreferrer\" data-rel=\"iLightbox[gallery_image_1]\" class=\"fusion-lightbox\" target=\"_self\"><img decoding=\"async\" src=\"https:\/\/www.babet.pl\/wp-content\/uploads\/2025\/03\/balustrady-3.jpg\" data-orig-src=\"https:\/\/www.babet.pl\/wp-content\/uploads\/2025\/03\/balustrady-3.jpg\" width=\"1600\" height=\"720\" alt=\"\" title=\"balustrady (3)\" aria-label=\"balustrady (3)\" class=\"lazyload img-responsive wp-image-133\" srcset=\"data:image\/svg+xml,%3Csvg%20xmlns%3D%27http%3A%2F%2Fwww.w3.org%2F2000%2Fsvg%27%20width%3D%271600%27%20height%3D%27720%27%20viewBox%3D%270%200%201600%20720%27%3E%3Crect%20width%3D%271600%27%20height%3D%27720%27%20fill-opacity%3D%220%22%2F%3E%3C%2Fsvg%3E\" data-srcset=\"https:\/\/www.babet.pl\/wp-content\/uploads\/2025\/03\/balustrady-3-200x90.jpg 200w, https:\/\/www.babet.pl\/wp-content\/uploads\/2025\/03\/balustrady-3-400x180.jpg 400w, https:\/\/www.babet.pl\/wp-content\/uploads\/2025\/03\/balustrady-3-600x270.jpg 600w, https:\/\/www.babet.pl\/wp-content\/uploads\/2025\/03\/balustrady-3-800x360.jpg 800w, https:\/\/www.babet.pl\/wp-content\/uploads\/2025\/03\/balustrady-3-1200x540.jpg 1200w, https:\/\/www.babet.pl\/wp-content\/uploads\/2025\/03\/balustrady-3.jpg 1600w\" data-sizes=\"auto\" data-orig-sizes=\"(min-width: 2200px) 100vw, (min-width: 856px) 306px, (min-width: 784px) 408px, (min-width: 712px) 613px, (min-width: 640px) 712px, \" \/><\/a><\/div><\/div><div style=\"padding:5px;\" class=\"fusion-grid-column fusion-gallery-column fusion-gallery-column-4\"><div class=\"fusion-gallery-image fusion-gallery-image-liftup\"><a href=\"https:\/\/www.babet.pl\/wp-content\/uploads\/2025\/03\/balustrady-4.jpg\" rel=\"noreferrer\" data-rel=\"iLightbox[gallery_image_1]\" class=\"fusion-lightbox\" target=\"_self\"><img decoding=\"async\" src=\"https:\/\/www.babet.pl\/wp-content\/uploads\/2025\/03\/balustrady-4.jpg\" data-orig-src=\"https:\/\/www.babet.pl\/wp-content\/uploads\/2025\/03\/balustrady-4.jpg\" width=\"1600\" height=\"1200\" alt=\"\" title=\"balustrady (4)\" aria-label=\"balustrady (4)\" class=\"lazyload img-responsive wp-image-134\" srcset=\"data:image\/svg+xml,%3Csvg%20xmlns%3D%27http%3A%2F%2Fwww.w3.org%2F2000%2Fsvg%27%20width%3D%271600%27%20height%3D%271200%27%20viewBox%3D%270%200%201600%201200%27%3E%3Crect%20width%3D%271600%27%20height%3D%271200%27%20fill-opacity%3D%220%22%2F%3E%3C%2Fsvg%3E\" data-srcset=\"https:\/\/www.babet.pl\/wp-content\/uploads\/2025\/03\/balustrady-4-200x150.jpg 200w, https:\/\/www.babet.pl\/wp-content\/uploads\/2025\/03\/balustrady-4-400x300.jpg 400w, https:\/\/www.babet.pl\/wp-content\/uploads\/2025\/03\/balustrady-4-600x450.jpg 600w, https:\/\/www.babet.pl\/wp-content\/uploads\/2025\/03\/balustrady-4-800x600.jpg 800w, https:\/\/www.babet.pl\/wp-content\/uploads\/2025\/03\/balustrady-4-1200x900.jpg 1200w, https:\/\/www.babet.pl\/wp-content\/uploads\/2025\/03\/balustrady-4.jpg 1600w\" data-sizes=\"auto\" data-orig-sizes=\"(min-width: 2200px) 100vw, (min-width: 856px) 306px, (min-width: 784px) 408px, (min-width: 712px) 613px, (min-width: 640px) 712px, \" \/><\/a><\/div><\/div><div style=\"padding:5px;\" class=\"fusion-grid-column fusion-gallery-column fusion-gallery-column-4\"><div class=\"fusion-gallery-image fusion-gallery-image-liftup\"><a href=\"https:\/\/www.babet.pl\/wp-content\/uploads\/2025\/03\/balustrady-5.jpg\" rel=\"noreferrer\" data-rel=\"iLightbox[gallery_image_1]\" class=\"fusion-lightbox\" target=\"_self\"><img decoding=\"async\" src=\"https:\/\/www.babet.pl\/wp-content\/uploads\/2025\/03\/balustrady-5.jpg\" data-orig-src=\"https:\/\/www.babet.pl\/wp-content\/uploads\/2025\/03\/balustrady-5.jpg\" width=\"1774\" height=\"1330\" alt=\"\" title=\"balustrady (5)\" aria-label=\"balustrady (5)\" class=\"lazyload img-responsive wp-image-135\" srcset=\"data:image\/svg+xml,%3Csvg%20xmlns%3D%27http%3A%2F%2Fwww.w3.org%2F2000%2Fsvg%27%20width%3D%271774%27%20height%3D%271330%27%20viewBox%3D%270%200%201774%201330%27%3E%3Crect%20width%3D%271774%27%20height%3D%271330%27%20fill-opacity%3D%220%22%2F%3E%3C%2Fsvg%3E\" data-srcset=\"https:\/\/www.babet.pl\/wp-content\/uploads\/2025\/03\/balustrady-5-200x150.jpg 200w, https:\/\/www.babet.pl\/wp-content\/uploads\/2025\/03\/balustrady-5-400x300.jpg 400w, https:\/\/www.babet.pl\/wp-content\/uploads\/2025\/03\/balustrady-5-600x450.jpg 600w, https:\/\/www.babet.pl\/wp-content\/uploads\/2025\/03\/balustrady-5-800x600.jpg 800w, https:\/\/www.babet.pl\/wp-content\/uploads\/2025\/03\/balustrady-5-1200x900.jpg 1200w, https:\/\/www.babet.pl\/wp-content\/uploads\/2025\/03\/balustrady-5.jpg 1774w\" data-sizes=\"auto\" data-orig-sizes=\"(min-width: 2200px) 100vw, (min-width: 856px) 306px, (min-width: 784px) 408px, (min-width: 712px) 613px, (min-width: 640px) 712px, \" \/><\/a><\/div><\/div><div style=\"padding:5px;\" class=\"fusion-grid-column fusion-gallery-column fusion-gallery-column-4\"><div class=\"fusion-gallery-image fusion-gallery-image-liftup\"><a href=\"https:\/\/www.babet.pl\/wp-content\/uploads\/2025\/03\/balustrady-6.jpg\" rel=\"noreferrer\" data-rel=\"iLightbox[gallery_image_1]\" class=\"fusion-lightbox\" target=\"_self\"><img decoding=\"async\" src=\"https:\/\/www.babet.pl\/wp-content\/uploads\/2025\/03\/balustrady-6.jpg\" data-orig-src=\"https:\/\/www.babet.pl\/wp-content\/uploads\/2025\/03\/balustrady-6.jpg\" width=\"1908\" height=\"1212\" alt=\"\" title=\"balustrady (6)\" aria-label=\"balustrady (6)\" class=\"lazyload img-responsive wp-image-136\" srcset=\"data:image\/svg+xml,%3Csvg%20xmlns%3D%27http%3A%2F%2Fwww.w3.org%2F2000%2Fsvg%27%20width%3D%271908%27%20height%3D%271212%27%20viewBox%3D%270%200%201908%201212%27%3E%3Crect%20width%3D%271908%27%20height%3D%271212%27%20fill-opacity%3D%220%22%2F%3E%3C%2Fsvg%3E\" data-srcset=\"https:\/\/www.babet.pl\/wp-content\/uploads\/2025\/03\/balustrady-6-200x127.jpg 200w, https:\/\/www.babet.pl\/wp-content\/uploads\/2025\/03\/balustrady-6-400x254.jpg 400w, https:\/\/www.babet.pl\/wp-content\/uploads\/2025\/03\/balustrady-6-600x381.jpg 600w, https:\/\/www.babet.pl\/wp-content\/uploads\/2025\/03\/balustrady-6-800x508.jpg 800w, https:\/\/www.babet.pl\/wp-content\/uploads\/2025\/03\/balustrady-6-1200x762.jpg 1200w, https:\/\/www.babet.pl\/wp-content\/uploads\/2025\/03\/balustrady-6.jpg 1908w\" data-sizes=\"auto\" data-orig-sizes=\"(min-width: 2200px) 100vw, (min-width: 856px) 306px, (min-width: 784px) 408px, (min-width: 712px) 613px, (min-width: 640px) 712px, \" \/><\/a><\/div><\/div><div class=\"clearfix\"><\/div><div style=\"padding:5px;\" class=\"fusion-grid-column fusion-gallery-column fusion-gallery-column-4\"><div class=\"fusion-gallery-image fusion-gallery-image-liftup\"><a href=\"https:\/\/www.babet.pl\/wp-content\/uploads\/2025\/03\/balustrady-1.png\" rel=\"noreferrer\" data-rel=\"iLightbox[gallery_image_1]\" class=\"fusion-lightbox\" target=\"_self\"><img decoding=\"async\" src=\"https:\/\/www.babet.pl\/wp-content\/uploads\/2025\/03\/balustrady-1.png\" data-orig-src=\"https:\/\/www.babet.pl\/wp-content\/uploads\/2025\/03\/balustrady-1.png\" width=\"1619\" height=\"1080\" alt=\"\" title=\"balustrady (1)\" aria-label=\"balustrady (1)\" class=\"lazyload img-responsive wp-image-137\" srcset=\"data:image\/svg+xml,%3Csvg%20xmlns%3D%27http%3A%2F%2Fwww.w3.org%2F2000%2Fsvg%27%20width%3D%271619%27%20height%3D%271080%27%20viewBox%3D%270%200%201619%201080%27%3E%3Crect%20width%3D%271619%27%20height%3D%271080%27%20fill-opacity%3D%220%22%2F%3E%3C%2Fsvg%3E\" data-srcset=\"https:\/\/www.babet.pl\/wp-content\/uploads\/2025\/03\/balustrady-1-200x133.png 200w, https:\/\/www.babet.pl\/wp-content\/uploads\/2025\/03\/balustrady-1-400x267.png 400w, https:\/\/www.babet.pl\/wp-content\/uploads\/2025\/03\/balustrady-1-600x400.png 600w, https:\/\/www.babet.pl\/wp-content\/uploads\/2025\/03\/balustrady-1-800x534.png 800w, https:\/\/www.babet.pl\/wp-content\/uploads\/2025\/03\/balustrady-1-1200x800.png 1200w, https:\/\/www.babet.pl\/wp-content\/uploads\/2025\/03\/balustrady-1.png 1619w\" data-sizes=\"auto\" data-orig-sizes=\"(min-width: 2200px) 100vw, (min-width: 856px) 306px, (min-width: 784px) 408px, (min-width: 712px) 613px, (min-width: 640px) 712px, \" \/><\/a><\/div><\/div><div style=\"padding:5px;\" class=\"fusion-grid-column fusion-gallery-column fusion-gallery-column-4\"><div class=\"fusion-gallery-image fusion-gallery-image-liftup\"><a href=\"https:\/\/www.babet.pl\/wp-content\/uploads\/2025\/03\/balustrady-1.jpg\" rel=\"noreferrer\" data-rel=\"iLightbox[gallery_image_1]\" class=\"fusion-lightbox\" target=\"_self\"><img decoding=\"async\" src=\"https:\/\/www.babet.pl\/wp-content\/uploads\/2025\/03\/balustrady-1.jpg\" data-orig-src=\"https:\/\/www.babet.pl\/wp-content\/uploads\/2025\/03\/balustrady-1.jpg\" width=\"2016\" height=\"908\" alt=\"\" title=\"balustrady (1)\" aria-label=\"balustrady (1)\" class=\"lazyload img-responsive wp-image-138\" srcset=\"data:image\/svg+xml,%3Csvg%20xmlns%3D%27http%3A%2F%2Fwww.w3.org%2F2000%2Fsvg%27%20width%3D%272016%27%20height%3D%27908%27%20viewBox%3D%270%200%202016%20908%27%3E%3Crect%20width%3D%272016%27%20height%3D%27908%27%20fill-opacity%3D%220%22%2F%3E%3C%2Fsvg%3E\" data-srcset=\"https:\/\/www.babet.pl\/wp-content\/uploads\/2025\/03\/balustrady-1-200x90.jpg 200w, https:\/\/www.babet.pl\/wp-content\/uploads\/2025\/03\/balustrady-1-400x180.jpg 400w, https:\/\/www.babet.pl\/wp-content\/uploads\/2025\/03\/balustrady-1-600x270.jpg 600w, https:\/\/www.babet.pl\/wp-content\/uploads\/2025\/03\/balustrady-1-800x360.jpg 800w, https:\/\/www.babet.pl\/wp-content\/uploads\/2025\/03\/balustrady-1-1200x540.jpg 1200w, https:\/\/www.babet.pl\/wp-content\/uploads\/2025\/03\/balustrady-1.jpg 2016w\" data-sizes=\"auto\" data-orig-sizes=\"(min-width: 2200px) 100vw, (min-width: 856px) 306px, (min-width: 784px) 408px, (min-width: 712px) 613px, (min-width: 640px) 712px, \" \/><\/a><\/div><\/div><div style=\"padding:5px;\" class=\"fusion-grid-column fusion-gallery-column fusion-gallery-column-4\"><div class=\"fusion-gallery-image fusion-gallery-image-liftup\"><a href=\"https:\/\/www.babet.pl\/wp-content\/uploads\/2025\/03\/balustrady-2.jpg\" rel=\"noreferrer\" data-rel=\"iLightbox[gallery_image_1]\" class=\"fusion-lightbox\" target=\"_self\"><img decoding=\"async\" src=\"https:\/\/www.babet.pl\/wp-content\/uploads\/2025\/03\/balustrady-2.jpg\" data-orig-src=\"https:\/\/www.babet.pl\/wp-content\/uploads\/2025\/03\/balustrady-2.jpg\" width=\"2048\" height=\"1536\" alt=\"\" title=\"balustrady (2)\" aria-label=\"balustrady (2)\" class=\"lazyload img-responsive wp-image-139\" srcset=\"data:image\/svg+xml,%3Csvg%20xmlns%3D%27http%3A%2F%2Fwww.w3.org%2F2000%2Fsvg%27%20width%3D%272048%27%20height%3D%271536%27%20viewBox%3D%270%200%202048%201536%27%3E%3Crect%20width%3D%272048%27%20height%3D%271536%27%20fill-opacity%3D%220%22%2F%3E%3C%2Fsvg%3E\" data-srcset=\"https:\/\/www.babet.pl\/wp-content\/uploads\/2025\/03\/balustrady-2-200x150.jpg 200w, https:\/\/www.babet.pl\/wp-content\/uploads\/2025\/03\/balustrady-2-400x300.jpg 400w, https:\/\/www.babet.pl\/wp-content\/uploads\/2025\/03\/balustrady-2-600x450.jpg 600w, https:\/\/www.babet.pl\/wp-content\/uploads\/2025\/03\/balustrady-2-800x600.jpg 800w, https:\/\/www.babet.pl\/wp-content\/uploads\/2025\/03\/balustrady-2-1200x900.jpg 1200w, https:\/\/www.babet.pl\/wp-content\/uploads\/2025\/03\/balustrady-2.jpg 2048w\" data-sizes=\"auto\" data-orig-sizes=\"(min-width: 2200px) 100vw, (min-width: 856px) 306px, (min-width: 784px) 408px, (min-width: 712px) 613px, (min-width: 640px) 712px, \" \/><\/a><\/div><\/div><\/div><\/div><\/div><\/div><\/div><\/div><div class=\"fusion-fullwidth fullwidth-box fusion-builder-row-2 fusion-flex-container has-pattern-background has-mask-background r-product p-product-more nonhundred-percent-fullwidth non-hundred-percent-height-scrolling\" style=\"--awb-border-radius-top-left:0px;--awb-border-radius-top-right:0px;--awb-border-radius-bottom-right:0px;--awb-border-radius-bottom-left:0px;--awb-flex-wrap:wrap;\" ><div class=\"fusion-builder-row fusion-row fusion-flex-align-items-flex-start fusion-flex-justify-content-center fusion-flex-content-wrap\" style=\"max-width:1252.4px;margin-left: calc(-1% \/ 2 );margin-right: calc(-1% \/ 2 );\"><div class=\"fusion-layout-column fusion_builder_column fusion-builder-column-1 fusion_builder_column_1_1 1_1 fusion-flex-column\" style=\"--awb-bg-size:cover;--awb-width-large:100%;--awb-margin-top-large:0px;--awb-spacing-right-large:0.495%;--awb-margin-bottom-large:20px;--awb-spacing-left-large:0.495%;--awb-width-medium:100%;--awb-order-medium:0;--awb-spacing-right-medium:0.495%;--awb-spacing-left-medium:0.495%;--awb-width-small:100%;--awb-order-small:0;--awb-spacing-right-small:0.495%;--awb-spacing-left-small:0.495%;\"><div class=\"fusion-column-wrapper fusion-column-has-shadow fusion-flex-justify-content-flex-start fusion-content-layout-column\"><div class=\"fusion-text fusion-text-2 c-title\"><p>Siehe auch:<\/p>\n<\/div><\/div><\/div><div class=\"fusion-layout-column fusion_builder_column fusion-builder-column-2 fusion_builder_column_1_4 1_4 fusion-flex-column c-box fusion-column-inner-bg-wrapper\" style=\"--awb-inner-bg-size:cover;--awb-width-large:25%;--awb-margin-top-large:0px;--awb-spacing-right-large:1.98%;--awb-margin-bottom-large:20px;--awb-spacing-left-large:1.98%;--awb-width-medium:25%;--awb-order-medium:0;--awb-spacing-right-medium:1.98%;--awb-spacing-left-medium:1.98%;--awb-width-small:100%;--awb-order-small:0;--awb-spacing-right-small:0.495%;--awb-spacing-left-small:0.495%;\" data-scroll-devices=\"small-visibility,medium-visibility,large-visibility\"><span class=\"fusion-column-inner-bg hover-type-none\"><a class=\"fusion-column-anchor\" href=\"https:\/\/www.babet.pl\/de\/produkte\/paletten-und-transportwagen\/\"><span class=\"fusion-column-inner-bg-image\"><\/span><\/a><\/span><div class=\"fusion-column-wrapper fusion-column-has-shadow fusion-flex-justify-content-flex-start fusion-content-layout-column\"><div class=\"fusion-image-element \" style=\"text-align:center;--awb-caption-title-font-family:var(--h2_typography-font-family);--awb-caption-title-font-weight:var(--h2_typography-font-weight);--awb-caption-title-font-style:var(--h2_typography-font-style);--awb-caption-title-size:var(--h2_typography-font-size);--awb-caption-title-transform:var(--h2_typography-text-transform);--awb-caption-title-line-height:var(--h2_typography-line-height);--awb-caption-title-letter-spacing:var(--h2_typography-letter-spacing);\"><span class=\" fusion-imageframe imageframe-none imageframe-1 hover-type-none c-image\"><img decoding=\"async\" width=\"295\" height=\"219\" title=\"Palety i w\u00f3zki transportowe\" src=\"https:\/\/www.babet.pl\/wp-content\/uploads\/2025\/03\/produkty_03.jpg\" data-orig-src=\"https:\/\/www.babet.pl\/wp-content\/uploads\/2025\/03\/produkty_03.jpg\" alt class=\"lazyload img-responsive wp-image-259\" srcset=\"data:image\/svg+xml,%3Csvg%20xmlns%3D%27http%3A%2F%2Fwww.w3.org%2F2000%2Fsvg%27%20width%3D%27295%27%20height%3D%27219%27%20viewBox%3D%270%200%20295%20219%27%3E%3Crect%20width%3D%27295%27%20height%3D%27219%27%20fill-opacity%3D%220%22%2F%3E%3C%2Fsvg%3E\" data-srcset=\"https:\/\/www.babet.pl\/wp-content\/uploads\/2025\/03\/produkty_03-200x148.jpg 200w, https:\/\/www.babet.pl\/wp-content\/uploads\/2025\/03\/produkty_03.jpg 295w\" data-sizes=\"auto\" data-orig-sizes=\"(max-width: 640px) 100vw, 295px\" \/><\/span><\/div><div class=\"fusion-text fusion-text-3 c-text\"><h2>Paletten und Transportwagen<\/h2>\n<p>Wir haben eine gro\u00dfe Auswahl an eigenen Entw\u00fcrfen und f\u00fchren auch Entw\u00fcrfe aus, die wir von unseren Kunden erhalten.<\/p>\n<p><a href=\"https:\/\/www.babet.pl\/de\/produkte\/paletten-und-transportwagen\/\">Mehr lesen<\/a><\/p>\n<\/div><\/div><\/div><div class=\"fusion-layout-column fusion_builder_column fusion-builder-column-3 fusion_builder_column_1_4 1_4 fusion-flex-column c-box fusion-column-inner-bg-wrapper\" style=\"--awb-inner-bg-size:cover;--awb-width-large:25%;--awb-margin-top-large:0px;--awb-spacing-right-large:1.98%;--awb-margin-bottom-large:20px;--awb-spacing-left-large:1.98%;--awb-width-medium:25%;--awb-order-medium:0;--awb-spacing-right-medium:1.98%;--awb-spacing-left-medium:1.98%;--awb-width-small:100%;--awb-order-small:0;--awb-spacing-right-small:0.495%;--awb-spacing-left-small:0.495%;\" data-scroll-devices=\"small-visibility,medium-visibility,large-visibility\"><span class=\"fusion-column-inner-bg hover-type-none\"><a class=\"fusion-column-anchor\" href=\"https:\/\/www.babet.pl\/de\/produkte\/panzer\/\"><span class=\"fusion-column-inner-bg-image\"><\/span><\/a><\/span><div class=\"fusion-column-wrapper fusion-column-has-shadow fusion-flex-justify-content-flex-start fusion-content-layout-column\"><div class=\"fusion-image-element \" style=\"text-align:center;--awb-caption-title-font-family:var(--h2_typography-font-family);--awb-caption-title-font-weight:var(--h2_typography-font-weight);--awb-caption-title-font-style:var(--h2_typography-font-style);--awb-caption-title-size:var(--h2_typography-font-size);--awb-caption-title-transform:var(--h2_typography-text-transform);--awb-caption-title-line-height:var(--h2_typography-line-height);--awb-caption-title-letter-spacing:var(--h2_typography-letter-spacing);\"><span class=\" fusion-imageframe imageframe-none imageframe-2 hover-type-none c-image\"><img decoding=\"async\" width=\"295\" height=\"219\" title=\"Zbiorniki\" src=\"https:\/\/www.babet.pl\/wp-content\/uploads\/2025\/03\/produkty_07.jpg\" data-orig-src=\"https:\/\/www.babet.pl\/wp-content\/uploads\/2025\/03\/produkty_07.jpg\" alt class=\"lazyload img-responsive wp-image-263\" srcset=\"data:image\/svg+xml,%3Csvg%20xmlns%3D%27http%3A%2F%2Fwww.w3.org%2F2000%2Fsvg%27%20width%3D%27295%27%20height%3D%27219%27%20viewBox%3D%270%200%20295%20219%27%3E%3Crect%20width%3D%27295%27%20height%3D%27219%27%20fill-opacity%3D%220%22%2F%3E%3C%2Fsvg%3E\" data-srcset=\"https:\/\/www.babet.pl\/wp-content\/uploads\/2025\/03\/produkty_07-200x148.jpg 200w, https:\/\/www.babet.pl\/wp-content\/uploads\/2025\/03\/produkty_07.jpg 295w\" data-sizes=\"auto\" data-orig-sizes=\"(max-width: 640px) 100vw, 295px\" \/><\/span><\/div><div class=\"fusion-text fusion-text-4 c-text\"><h2>Panzer<\/h2>\n<p>Wir bieten Edelstahltanks aus hochwertigen Materialien an.<\/p>\n<p><a href=\"https:\/\/www.babet.pl\/de\/produkte\/paletten-und-transportwagen\/\">Mehr lesen<\/a><\/p>\n<\/div><\/div><\/div><div class=\"fusion-layout-column fusion_builder_column fusion-builder-column-4 fusion_builder_column_1_4 1_4 fusion-flex-column c-box fusion-column-inner-bg-wrapper\" style=\"--awb-inner-bg-size:cover;--awb-width-large:25%;--awb-margin-top-large:0px;--awb-spacing-right-large:1.98%;--awb-margin-bottom-large:20px;--awb-spacing-left-large:1.98%;--awb-width-medium:25%;--awb-order-medium:0;--awb-spacing-right-medium:1.98%;--awb-spacing-left-medium:1.98%;--awb-width-small:100%;--awb-order-small:0;--awb-spacing-right-small:0.495%;--awb-spacing-left-small:0.495%;\" data-scroll-devices=\"small-visibility,medium-visibility,large-visibility\"><span class=\"fusion-column-inner-bg hover-type-none\"><a class=\"fusion-column-anchor\" href=\"https:\/\/www.babet.pl\/de\/produkte\/zukuenftige-herde\/\"><span class=\"fusion-column-inner-bg-image\"><\/span><\/a><\/span><div class=\"fusion-column-wrapper fusion-column-has-shadow fusion-flex-justify-content-flex-start fusion-content-layout-column\"><div class=\"fusion-image-element \" style=\"text-align:center;--awb-caption-title-font-family:var(--h2_typography-font-family);--awb-caption-title-font-weight:var(--h2_typography-font-weight);--awb-caption-title-font-style:var(--h2_typography-font-style);--awb-caption-title-size:var(--h2_typography-font-size);--awb-caption-title-transform:var(--h2_typography-text-transform);--awb-caption-title-line-height:var(--h2_typography-line-height);--awb-caption-title-letter-spacing:var(--h2_typography-letter-spacing);\"><span class=\" fusion-imageframe imageframe-none imageframe-3 hover-type-none c-image\"><img decoding=\"async\" width=\"295\" height=\"219\" title=\"Paleniska Future\" src=\"https:\/\/www.babet.pl\/wp-content\/uploads\/2025\/03\/produkty_09.jpg\" data-orig-src=\"https:\/\/www.babet.pl\/wp-content\/uploads\/2025\/03\/produkty_09.jpg\" alt class=\"lazyload img-responsive wp-image-265\" srcset=\"data:image\/svg+xml,%3Csvg%20xmlns%3D%27http%3A%2F%2Fwww.w3.org%2F2000%2Fsvg%27%20width%3D%27295%27%20height%3D%27219%27%20viewBox%3D%270%200%20295%20219%27%3E%3Crect%20width%3D%27295%27%20height%3D%27219%27%20fill-opacity%3D%220%22%2F%3E%3C%2Fsvg%3E\" data-srcset=\"https:\/\/www.babet.pl\/wp-content\/uploads\/2025\/03\/produkty_09-200x148.jpg 200w, https:\/\/www.babet.pl\/wp-content\/uploads\/2025\/03\/produkty_09.jpg 295w\" data-sizes=\"auto\" data-orig-sizes=\"(max-width: 640px) 100vw, 295px\" \/><\/span><\/div><div class=\"fusion-text fusion-text-5 c-text\"><h2>Zuk\u00fcnftige Herde<\/h2>\n<p>Moderne und hochwertige Feuerstellen f\u00fcr den Au\u00dfenbereich sind sowohl einzeln als auch mit einem Satz B\u00e4nke erh\u00e4ltlich.<\/p>\n<p><a href=\"https:\/\/www.babet.pl\/de\/produkte\/paletten-und-transportwagen\/\">Mehr lesen<\/a><\/p>\n<\/div><\/div><\/div><\/div><\/div><\/p>\n","protected":false},"excerpt":{"rendered":"","protected":false},"author":2,"featured_media":0,"parent":373,"menu_order":0,"comment_status":"closed","ping_status":"closed","template":"100-width.php","meta":{"footnotes":""},"class_list":["post-415","page","type-page","status-publish","hentry"],"_links":{"self":[{"href":"https:\/\/www.babet.pl\/de\/wp-json\/wp\/v2\/pages\/415","targetHints":{"allow":["GET"]}}],"collection":[{"href":"https:\/\/www.babet.pl\/de\/wp-json\/wp\/v2\/pages"}],"about":[{"href":"https:\/\/www.babet.pl\/de\/wp-json\/wp\/v2\/types\/page"}],"author":[{"embeddable":true,"href":"https:\/\/www.babet.pl\/de\/wp-json\/wp\/v2\/users\/2"}],"replies":[{"embeddable":true,"href":"https:\/\/www.babet.pl\/de\/wp-json\/wp\/v2\/comments?post=415"}],"version-history":[{"count":6,"href":"https:\/\/www.babet.pl\/de\/wp-json\/wp\/v2\/pages\/415\/revisions"}],"predecessor-version":[{"id":579,"href":"https:\/\/www.babet.pl\/de\/wp-json\/wp\/v2\/pages\/415\/revisions\/579"}],"up":[{"embeddable":true,"href":"https:\/\/www.babet.pl\/de\/wp-json\/wp\/v2\/pages\/373"}],"wp:attachment":[{"href":"https:\/\/www.babet.pl\/de\/wp-json\/wp\/v2\/media?parent=415"}],"curies":[{"name":"wp","href":"https:\/\/api.w.org\/{rel}","templated":true}]}}