{"id":395,"date":"2025-03-01T18:12:59","date_gmt":"2025-03-01T17:12:59","guid":{"rendered":"https:\/\/www.babet.pl\/produkte\/paletten-und-transportwagen\/"},"modified":"2025-03-18T14:16:34","modified_gmt":"2025-03-18T13:16:34","slug":"paletten-und-transportwagen","status":"publish","type":"page","link":"https:\/\/www.babet.pl\/de\/produkte\/paletten-und-transportwagen\/","title":{"rendered":"Paletten und Transportwagen"},"content":{"rendered":"<p><div class=\"fusion-fullwidth fullwidth-box fusion-builder-row-1 fusion-flex-container has-pattern-background has-mask-background p-product nonhundred-percent-fullwidth non-hundred-percent-height-scrolling\" style=\"--awb-border-radius-top-left:0px;--awb-border-radius-top-right:0px;--awb-border-radius-bottom-right:0px;--awb-border-radius-bottom-left:0px;--awb-flex-wrap:wrap;\" ><div class=\"fusion-builder-row fusion-row fusion-flex-align-items-flex-start fusion-flex-content-wrap\" style=\"max-width:1289.6px;margin-left: calc(-4% \/ 2 );margin-right: calc(-4% \/ 2 );\"><div class=\"fusion-layout-column fusion_builder_column fusion-builder-column-0 fusion_builder_column_1_1 1_1 fusion-flex-column\" style=\"--awb-bg-size:cover;--awb-width-large:100%;--awb-margin-top-large:0px;--awb-spacing-right-large:1.92%;--awb-margin-bottom-large:0px;--awb-spacing-left-large:1.92%;--awb-width-medium:100%;--awb-spacing-right-medium:1.92%;--awb-spacing-left-medium:1.92%;--awb-width-small:100%;--awb-spacing-right-small:1.92%;--awb-spacing-left-small:1.92%;\"><div class=\"fusion-column-wrapper fusion-flex-justify-content-flex-start fusion-content-layout-column\"><div class=\"fusion-text fusion-text-1\"><p>Wir sind ein Hersteller von Paletten, Wagen und Transportbeh\u00e4ltern aus Edelstahl, Kohlenstoffstahl und Aluminium. Metallpaletten werden vor allem in Sonderf\u00e4llen eingesetzt, in denen Standard-Holzpaletten den Anforderungen nicht gen\u00fcgen. Metallpaletten zeichnen sich durch hohe Festigkeit und nicht standardisierte Abmessungen aus.<\/p>\n<p><strong>Die Produkte, die wir herstellen, werden in der Automobil-, Luftfahrt-, Transport- und Lebensmittelindustrie verwendet.<\/strong><\/p>\n<p>Wir realisieren das Produkt gem\u00e4\u00df den Anforderungen und dem Design des Kunden und konzentrieren uns dabei auf die hohe Qualit\u00e4t unserer Dienstleistungen. Wir gehen jeden Auftrag individuell an und bieten fachkundige Beratung bei der Gestaltung und Herstellung des Endprodukts.<\/p>\n<\/div><div class=\"awb-gallery-wrapper awb-gallery-wrapper-1 button-span-no\" style=\"--more-btn-alignment:center;\"><div style=\"margin:-5px;--awb-bordersize:0px;\" class=\"fusion-gallery fusion-gallery-container fusion-grid-4 fusion-columns-total-3 fusion-gallery-layout-grid fusion-gallery-1 c-gallery\"><div style=\"padding:5px;\" class=\"fusion-grid-column fusion-gallery-column fusion-gallery-column-4\"><div class=\"fusion-gallery-image fusion-gallery-image-liftup\"><a href=\"https:\/\/www.babet.pl\/wp-content\/uploads\/2025\/03\/Palety-i-wozki-transportowe-2.jpg\" rel=\"noreferrer\" data-rel=\"iLightbox[gallery_image_1]\" class=\"fusion-lightbox\" target=\"_self\"><img decoding=\"async\" src=\"https:\/\/www.babet.pl\/wp-content\/uploads\/2025\/03\/Palety-i-wozki-transportowe-2.jpg\" data-orig-src=\"https:\/\/www.babet.pl\/wp-content\/uploads\/2025\/03\/Palety-i-wozki-transportowe-2.jpg\" width=\"1391\" height=\"890\" alt=\"\" title=\"Palety i w\u00f3zki transportowe (2)\" aria-label=\"Palety i w\u00f3zki transportowe (2)\" class=\"lazyload img-responsive wp-image-126\" srcset=\"data:image\/svg+xml,%3Csvg%20xmlns%3D%27http%3A%2F%2Fwww.w3.org%2F2000%2Fsvg%27%20width%3D%271391%27%20height%3D%27890%27%20viewBox%3D%270%200%201391%20890%27%3E%3Crect%20width%3D%271391%27%20height%3D%27890%27%20fill-opacity%3D%220%22%2F%3E%3C%2Fsvg%3E\" data-srcset=\"https:\/\/www.babet.pl\/wp-content\/uploads\/2025\/03\/Palety-i-wozki-transportowe-2-200x128.jpg 200w, https:\/\/www.babet.pl\/wp-content\/uploads\/2025\/03\/Palety-i-wozki-transportowe-2-400x256.jpg 400w, https:\/\/www.babet.pl\/wp-content\/uploads\/2025\/03\/Palety-i-wozki-transportowe-2-600x384.jpg 600w, https:\/\/www.babet.pl\/wp-content\/uploads\/2025\/03\/Palety-i-wozki-transportowe-2-800x512.jpg 800w, https:\/\/www.babet.pl\/wp-content\/uploads\/2025\/03\/Palety-i-wozki-transportowe-2-1200x768.jpg 1200w, https:\/\/www.babet.pl\/wp-content\/uploads\/2025\/03\/Palety-i-wozki-transportowe-2.jpg 1391w\" data-sizes=\"auto\" data-orig-sizes=\"(min-width: 2200px) 100vw, (min-width: 856px) 306px, (min-width: 784px) 408px, (min-width: 712px) 613px, (min-width: 640px) 712px, \" \/><\/a><\/div><\/div><div style=\"padding:5px;\" class=\"fusion-grid-column fusion-gallery-column fusion-gallery-column-4\"><div class=\"fusion-gallery-image fusion-gallery-image-liftup\"><a href=\"https:\/\/www.babet.pl\/wp-content\/uploads\/2025\/03\/Palety-i-wozki-transportowe-1.png\" rel=\"noreferrer\" data-rel=\"iLightbox[gallery_image_1]\" class=\"fusion-lightbox\" target=\"_self\"><img decoding=\"async\" src=\"https:\/\/www.babet.pl\/wp-content\/uploads\/2025\/03\/Palety-i-wozki-transportowe-1.png\" data-orig-src=\"https:\/\/www.babet.pl\/wp-content\/uploads\/2025\/03\/Palety-i-wozki-transportowe-1.png\" width=\"908\" height=\"1100\" alt=\"\" title=\"Palety i w\u00f3zki transportowe (1)\" aria-label=\"Palety i w\u00f3zki transportowe (1)\" class=\"lazyload img-responsive wp-image-127\" srcset=\"data:image\/svg+xml,%3Csvg%20xmlns%3D%27http%3A%2F%2Fwww.w3.org%2F2000%2Fsvg%27%20width%3D%27908%27%20height%3D%271100%27%20viewBox%3D%270%200%20908%201100%27%3E%3Crect%20width%3D%27908%27%20height%3D%271100%27%20fill-opacity%3D%220%22%2F%3E%3C%2Fsvg%3E\" data-srcset=\"https:\/\/www.babet.pl\/wp-content\/uploads\/2025\/03\/Palety-i-wozki-transportowe-1-200x242.png 200w, https:\/\/www.babet.pl\/wp-content\/uploads\/2025\/03\/Palety-i-wozki-transportowe-1-400x485.png 400w, https:\/\/www.babet.pl\/wp-content\/uploads\/2025\/03\/Palety-i-wozki-transportowe-1-600x727.png 600w, https:\/\/www.babet.pl\/wp-content\/uploads\/2025\/03\/Palety-i-wozki-transportowe-1-800x969.png 800w, https:\/\/www.babet.pl\/wp-content\/uploads\/2025\/03\/Palety-i-wozki-transportowe-1.png 908w\" data-sizes=\"auto\" data-orig-sizes=\"(min-width: 2200px) 100vw, (min-width: 856px) 306px, (min-width: 784px) 408px, (min-width: 712px) 613px, (min-width: 640px) 712px, \" \/><\/a><\/div><\/div><div style=\"padding:5px;\" class=\"fusion-grid-column fusion-gallery-column fusion-gallery-column-4\"><div class=\"fusion-gallery-image fusion-gallery-image-liftup\"><a href=\"https:\/\/www.babet.pl\/wp-content\/uploads\/2025\/03\/Palety-i-wozki-transportowe-1.jpg\" rel=\"noreferrer\" data-rel=\"iLightbox[gallery_image_1]\" class=\"fusion-lightbox\" target=\"_self\"><img decoding=\"async\" src=\"https:\/\/www.babet.pl\/wp-content\/uploads\/2025\/03\/Palety-i-wozki-transportowe-1.jpg\" data-orig-src=\"https:\/\/www.babet.pl\/wp-content\/uploads\/2025\/03\/Palety-i-wozki-transportowe-1.jpg\" width=\"2048\" height=\"976\" alt=\"\" title=\"Palety i w\u00f3zki transportowe (1)\" aria-label=\"Palety i w\u00f3zki transportowe (1)\" class=\"lazyload img-responsive wp-image-128\" srcset=\"data:image\/svg+xml,%3Csvg%20xmlns%3D%27http%3A%2F%2Fwww.w3.org%2F2000%2Fsvg%27%20width%3D%272048%27%20height%3D%27976%27%20viewBox%3D%270%200%202048%20976%27%3E%3Crect%20width%3D%272048%27%20height%3D%27976%27%20fill-opacity%3D%220%22%2F%3E%3C%2Fsvg%3E\" data-srcset=\"https:\/\/www.babet.pl\/wp-content\/uploads\/2025\/03\/Palety-i-wozki-transportowe-1-200x95.jpg 200w, https:\/\/www.babet.pl\/wp-content\/uploads\/2025\/03\/Palety-i-wozki-transportowe-1-400x191.jpg 400w, https:\/\/www.babet.pl\/wp-content\/uploads\/2025\/03\/Palety-i-wozki-transportowe-1-600x286.jpg 600w, https:\/\/www.babet.pl\/wp-content\/uploads\/2025\/03\/Palety-i-wozki-transportowe-1-800x381.jpg 800w, https:\/\/www.babet.pl\/wp-content\/uploads\/2025\/03\/Palety-i-wozki-transportowe-1-1200x572.jpg 1200w, https:\/\/www.babet.pl\/wp-content\/uploads\/2025\/03\/Palety-i-wozki-transportowe-1.jpg 2048w\" data-sizes=\"auto\" data-orig-sizes=\"(min-width: 2200px) 100vw, (min-width: 856px) 306px, (min-width: 784px) 408px, (min-width: 712px) 613px, (min-width: 640px) 712px, \" \/><\/a><\/div><\/div><\/div><\/div><\/div><\/div><\/div><\/div><div class=\"fusion-fullwidth fullwidth-box fusion-builder-row-2 fusion-flex-container has-pattern-background has-mask-background r-product p-product-more nonhundred-percent-fullwidth non-hundred-percent-height-scrolling\" style=\"--awb-border-radius-top-left:0px;--awb-border-radius-top-right:0px;--awb-border-radius-bottom-right:0px;--awb-border-radius-bottom-left:0px;--awb-flex-wrap:wrap;\" ><div class=\"fusion-builder-row fusion-row fusion-flex-align-items-flex-start fusion-flex-justify-content-center fusion-flex-content-wrap\" style=\"max-width:1252.4px;margin-left: calc(-1% \/ 2 );margin-right: calc(-1% \/ 2 );\"><div class=\"fusion-layout-column fusion_builder_column fusion-builder-column-1 fusion_builder_column_1_1 1_1 fusion-flex-column\" style=\"--awb-bg-size:cover;--awb-width-large:100%;--awb-margin-top-large:0px;--awb-spacing-right-large:0.495%;--awb-margin-bottom-large:20px;--awb-spacing-left-large:0.495%;--awb-width-medium:100%;--awb-order-medium:0;--awb-spacing-right-medium:0.495%;--awb-spacing-left-medium:0.495%;--awb-width-small:100%;--awb-order-small:0;--awb-spacing-right-small:0.495%;--awb-spacing-left-small:0.495%;\"><div class=\"fusion-column-wrapper fusion-column-has-shadow fusion-flex-justify-content-flex-start fusion-content-layout-column\"><div class=\"fusion-text fusion-text-2 c-title\"><p>Siehe auch:<\/p>\n<\/div><\/div><\/div><div class=\"fusion-layout-column fusion_builder_column fusion-builder-column-2 fusion_builder_column_1_4 1_4 fusion-flex-column c-box fusion-column-inner-bg-wrapper\" style=\"--awb-inner-bg-size:cover;--awb-width-large:25%;--awb-margin-top-large:0px;--awb-spacing-right-large:1.98%;--awb-margin-bottom-large:20px;--awb-spacing-left-large:1.98%;--awb-width-medium:25%;--awb-order-medium:0;--awb-spacing-right-medium:1.98%;--awb-spacing-left-medium:1.98%;--awb-width-small:100%;--awb-order-small:0;--awb-spacing-right-small:0.495%;--awb-spacing-left-small:0.495%;\" data-scroll-devices=\"small-visibility,medium-visibility,large-visibility\"><span class=\"fusion-column-inner-bg hover-type-none\"><a class=\"fusion-column-anchor\" href=\"https:\/\/www.babet.pl\/de\/produkte\/balustraden\/\"><span class=\"fusion-column-inner-bg-image\"><\/span><\/a><\/span><div class=\"fusion-column-wrapper fusion-column-has-shadow fusion-flex-justify-content-flex-start fusion-content-layout-column\"><div class=\"fusion-image-element \" style=\"text-align:center;--awb-caption-title-font-family:var(--h2_typography-font-family);--awb-caption-title-font-weight:var(--h2_typography-font-weight);--awb-caption-title-font-style:var(--h2_typography-font-style);--awb-caption-title-size:var(--h2_typography-font-size);--awb-caption-title-transform:var(--h2_typography-text-transform);--awb-caption-title-line-height:var(--h2_typography-line-height);--awb-caption-title-letter-spacing:var(--h2_typography-letter-spacing);\"><span class=\" fusion-imageframe imageframe-none imageframe-1 hover-type-none c-image\"><img decoding=\"async\" width=\"295\" height=\"219\" title=\"Balustrady\" src=\"https:\/\/www.babet.pl\/wp-content\/uploads\/2025\/03\/produkty_05.jpg\" data-orig-src=\"https:\/\/www.babet.pl\/wp-content\/uploads\/2025\/03\/produkty_05.jpg\" alt class=\"lazyload img-responsive wp-image-261\" srcset=\"data:image\/svg+xml,%3Csvg%20xmlns%3D%27http%3A%2F%2Fwww.w3.org%2F2000%2Fsvg%27%20width%3D%27295%27%20height%3D%27219%27%20viewBox%3D%270%200%20295%20219%27%3E%3Crect%20width%3D%27295%27%20height%3D%27219%27%20fill-opacity%3D%220%22%2F%3E%3C%2Fsvg%3E\" data-srcset=\"https:\/\/www.babet.pl\/wp-content\/uploads\/2025\/03\/produkty_05-200x148.jpg 200w, https:\/\/www.babet.pl\/wp-content\/uploads\/2025\/03\/produkty_05.jpg 295w\" data-sizes=\"auto\" data-orig-sizes=\"(max-width: 640px) 100vw, 295px\" \/><\/span><\/div><div class=\"fusion-text fusion-text-3 c-text\"><h2>Balustraden<\/h2>\n<p>Wir fertigen und montieren Gel\u00e4nder aus geb\u00fcrstetem, poliertem und satiniertem Edelstahl.<\/p>\n<p><a href=\"https:\/\/www.babet.pl\/de\/produkte\/paletten-und-transportwagen\/\">Mehr lesen<\/a><\/p>\n<\/div><\/div><\/div><div class=\"fusion-layout-column fusion_builder_column fusion-builder-column-3 fusion_builder_column_1_4 1_4 fusion-flex-column c-box fusion-column-inner-bg-wrapper\" style=\"--awb-inner-bg-size:cover;--awb-width-large:25%;--awb-margin-top-large:0px;--awb-spacing-right-large:1.98%;--awb-margin-bottom-large:20px;--awb-spacing-left-large:1.98%;--awb-width-medium:25%;--awb-order-medium:0;--awb-spacing-right-medium:1.98%;--awb-spacing-left-medium:1.98%;--awb-width-small:100%;--awb-order-small:0;--awb-spacing-right-small:0.495%;--awb-spacing-left-small:0.495%;\" data-scroll-devices=\"small-visibility,medium-visibility,large-visibility\"><span class=\"fusion-column-inner-bg hover-type-none\"><a class=\"fusion-column-anchor\" href=\"https:\/\/www.babet.pl\/de\/produkte\/panzer\/\"><span class=\"fusion-column-inner-bg-image\"><\/span><\/a><\/span><div class=\"fusion-column-wrapper fusion-column-has-shadow fusion-flex-justify-content-flex-start fusion-content-layout-column\"><div class=\"fusion-image-element \" style=\"text-align:center;--awb-caption-title-font-family:var(--h2_typography-font-family);--awb-caption-title-font-weight:var(--h2_typography-font-weight);--awb-caption-title-font-style:var(--h2_typography-font-style);--awb-caption-title-size:var(--h2_typography-font-size);--awb-caption-title-transform:var(--h2_typography-text-transform);--awb-caption-title-line-height:var(--h2_typography-line-height);--awb-caption-title-letter-spacing:var(--h2_typography-letter-spacing);\"><span class=\" fusion-imageframe imageframe-none imageframe-2 hover-type-none c-image\"><img decoding=\"async\" width=\"295\" height=\"219\" title=\"Zbiorniki\" src=\"https:\/\/www.babet.pl\/wp-content\/uploads\/2025\/03\/produkty_07.jpg\" data-orig-src=\"https:\/\/www.babet.pl\/wp-content\/uploads\/2025\/03\/produkty_07.jpg\" alt class=\"lazyload img-responsive wp-image-263\" srcset=\"data:image\/svg+xml,%3Csvg%20xmlns%3D%27http%3A%2F%2Fwww.w3.org%2F2000%2Fsvg%27%20width%3D%27295%27%20height%3D%27219%27%20viewBox%3D%270%200%20295%20219%27%3E%3Crect%20width%3D%27295%27%20height%3D%27219%27%20fill-opacity%3D%220%22%2F%3E%3C%2Fsvg%3E\" data-srcset=\"https:\/\/www.babet.pl\/wp-content\/uploads\/2025\/03\/produkty_07-200x148.jpg 200w, https:\/\/www.babet.pl\/wp-content\/uploads\/2025\/03\/produkty_07.jpg 295w\" data-sizes=\"auto\" data-orig-sizes=\"(max-width: 640px) 100vw, 295px\" \/><\/span><\/div><div class=\"fusion-text fusion-text-4 c-text\"><h2>Panzer<\/h2>\n<p>Wir bieten Edelstahltanks aus hochwertigen Materialien an.<\/p>\n<p><a href=\"https:\/\/www.babet.pl\/de\/produkte\/paletten-und-transportwagen\/\">Mehr lesen<\/a><\/p>\n<\/div><\/div><\/div><div class=\"fusion-layout-column fusion_builder_column fusion-builder-column-4 fusion_builder_column_1_4 1_4 fusion-flex-column c-box fusion-column-inner-bg-wrapper\" style=\"--awb-inner-bg-size:cover;--awb-width-large:25%;--awb-margin-top-large:0px;--awb-spacing-right-large:1.98%;--awb-margin-bottom-large:20px;--awb-spacing-left-large:1.98%;--awb-width-medium:25%;--awb-order-medium:0;--awb-spacing-right-medium:1.98%;--awb-spacing-left-medium:1.98%;--awb-width-small:100%;--awb-order-small:0;--awb-spacing-right-small:0.495%;--awb-spacing-left-small:0.495%;\" data-scroll-devices=\"small-visibility,medium-visibility,large-visibility\"><span class=\"fusion-column-inner-bg hover-type-none\"><a class=\"fusion-column-anchor\" href=\"https:\/\/www.babet.pl\/de\/produkte\/zukuenftige-herde\/\"><span class=\"fusion-column-inner-bg-image\"><\/span><\/a><\/span><div class=\"fusion-column-wrapper fusion-column-has-shadow fusion-flex-justify-content-flex-start fusion-content-layout-column\"><div class=\"fusion-image-element \" style=\"text-align:center;--awb-caption-title-font-family:var(--h2_typography-font-family);--awb-caption-title-font-weight:var(--h2_typography-font-weight);--awb-caption-title-font-style:var(--h2_typography-font-style);--awb-caption-title-size:var(--h2_typography-font-size);--awb-caption-title-transform:var(--h2_typography-text-transform);--awb-caption-title-line-height:var(--h2_typography-line-height);--awb-caption-title-letter-spacing:var(--h2_typography-letter-spacing);\"><span class=\" fusion-imageframe imageframe-none imageframe-3 hover-type-none c-image\"><img decoding=\"async\" width=\"295\" height=\"219\" title=\"Paleniska Future\" src=\"https:\/\/www.babet.pl\/wp-content\/uploads\/2025\/03\/produkty_09.jpg\" data-orig-src=\"https:\/\/www.babet.pl\/wp-content\/uploads\/2025\/03\/produkty_09.jpg\" alt class=\"lazyload img-responsive wp-image-265\" srcset=\"data:image\/svg+xml,%3Csvg%20xmlns%3D%27http%3A%2F%2Fwww.w3.org%2F2000%2Fsvg%27%20width%3D%27295%27%20height%3D%27219%27%20viewBox%3D%270%200%20295%20219%27%3E%3Crect%20width%3D%27295%27%20height%3D%27219%27%20fill-opacity%3D%220%22%2F%3E%3C%2Fsvg%3E\" data-srcset=\"https:\/\/www.babet.pl\/wp-content\/uploads\/2025\/03\/produkty_09-200x148.jpg 200w, https:\/\/www.babet.pl\/wp-content\/uploads\/2025\/03\/produkty_09.jpg 295w\" data-sizes=\"auto\" data-orig-sizes=\"(max-width: 640px) 100vw, 295px\" \/><\/span><\/div><div class=\"fusion-text fusion-text-5 c-text\"><h2>Zuk\u00fcnftige Herde<\/h2>\n<p>Moderne und hochwertige Feuerstellen f\u00fcr den Au\u00dfenbereich sind sowohl einzeln als auch mit einem Satz B\u00e4nke erh\u00e4ltlich.<\/p>\n<p><a href=\"https:\/\/www.babet.pl\/de\/produkte\/paletten-und-transportwagen\/\">Mehr lesen<\/a><\/p>\n<\/div><\/div><\/div><\/div><\/div><\/p>\n","protected":false},"excerpt":{"rendered":"","protected":false},"author":2,"featured_media":0,"parent":373,"menu_order":0,"comment_status":"closed","ping_status":"closed","template":"100-width.php","meta":{"footnotes":""},"class_list":["post-395","page","type-page","status-publish","hentry"],"_links":{"self":[{"href":"https:\/\/www.babet.pl\/de\/wp-json\/wp\/v2\/pages\/395","targetHints":{"allow":["GET"]}}],"collection":[{"href":"https:\/\/www.babet.pl\/de\/wp-json\/wp\/v2\/pages"}],"about":[{"href":"https:\/\/www.babet.pl\/de\/wp-json\/wp\/v2\/types\/page"}],"author":[{"embeddable":true,"href":"https:\/\/www.babet.pl\/de\/wp-json\/wp\/v2\/users\/2"}],"replies":[{"embeddable":true,"href":"https:\/\/www.babet.pl\/de\/wp-json\/wp\/v2\/comments?post=395"}],"version-history":[{"count":7,"href":"https:\/\/www.babet.pl\/de\/wp-json\/wp\/v2\/pages\/395\/revisions"}],"predecessor-version":[{"id":581,"href":"https:\/\/www.babet.pl\/de\/wp-json\/wp\/v2\/pages\/395\/revisions\/581"}],"up":[{"embeddable":true,"href":"https:\/\/www.babet.pl\/de\/wp-json\/wp\/v2\/pages\/373"}],"wp:attachment":[{"href":"https:\/\/www.babet.pl\/de\/wp-json\/wp\/v2\/media?parent=395"}],"curies":[{"name":"wp","href":"https:\/\/api.w.org\/{rel}","templated":true}]}}