{"id":372,"date":"2025-03-01T18:11:32","date_gmt":"2025-03-01T17:11:32","guid":{"rendered":"https:\/\/www.babet.pl\/cookie-richtlinie\/"},"modified":"2025-03-01T18:11:32","modified_gmt":"2025-03-01T17:11:32","slug":"cookie-richtlinie","status":"publish","type":"page","link":"https:\/\/www.babet.pl\/de\/cookie-richtlinie\/","title":{"rendered":"Cookie-Richtlinie"},"content":{"rendered":"<ol>\n<li>Die Website <strong>babet.de<\/strong> verwendet Cookies, d.h. Textdateien, die auf dem Computer des Benutzers gespeichert werden und den Benutzer in einer Weise identifizieren, die f\u00fcr die Durchf\u00fchrung bestimmter Vorg\u00e4nge erforderlich ist. Cookies werden unter anderem verwendet, um die Anmeldedaten des Benutzers zu speichern. Die Voraussetzung f\u00fcr die Funktion von Cookies ist, dass sie vom Browser akzeptiert und nicht von der Festplatte gel\u00f6scht werden.<\/li>\n<li>Die Website verwendet &#8222;Sitzungs&#8220;-Cookies (die gespeichert werden, bis Sie die Website verlassen und Ihren Browser schlie\u00dfen) und &#8222;permanente&#8220; Cookies (die f\u00fcr einen bestimmten Zeitraum auf Ihrem Computer gespeichert werden).<\/li>\n<li>Die Benutzer der Seiten k\u00f6nnen ihre diesbez\u00fcglichen Einstellungen \u00e4ndern. Der Webbrowser erm\u00f6glicht Ihnen das L\u00f6schen und Sperren von Dateien. Einzelheiten entnehmen Sie bitte der Hilfe oder Dokumentation des von Ihnen verwendeten Webbrowsers.<\/li>\n<li>Die Deaktivierung von Cookies f\u00fchrt in den meisten F\u00e4llen dazu, dass bestimmte Funktionen der Website eingeschr\u00e4nkt oder blockiert werden.<\/li>\n<li>Die Website <strong>babet<\/strong><strong>.de <\/strong>verwendet Cookies von einem Drittanbieter &#8211; Google Analytics &#8211; weitere Informationen finden Sie unter: <u><a href=\"http:\/\/www.google.com\/analytics\/learn\/privacy.html\">google.com\/analytics\/learn\/privacy.html<\/a><\/u><\/li>\n<li>Die auf der Website <strong>babet<\/strong><strong>.de <\/strong>verwendeten Cookies speichern keine pers\u00f6nlichen Daten.<\/li>\n<\/ol>\n","protected":false},"excerpt":{"rendered":"<p>Die Website babet.de verwendet Cookies, d.h. Textdateien, die auf dem  [&#8230;]<\/p>\n","protected":false},"author":2,"featured_media":0,"parent":0,"menu_order":0,"comment_status":"closed","ping_status":"closed","template":"","meta":{"footnotes":""},"class_list":["post-372","page","type-page","status-publish","hentry"],"_links":{"self":[{"href":"https:\/\/www.babet.pl\/de\/wp-json\/wp\/v2\/pages\/372","targetHints":{"allow":["GET"]}}],"collection":[{"href":"https:\/\/www.babet.pl\/de\/wp-json\/wp\/v2\/pages"}],"about":[{"href":"https:\/\/www.babet.pl\/de\/wp-json\/wp\/v2\/types\/page"}],"author":[{"embeddable":true,"href":"https:\/\/www.babet.pl\/de\/wp-json\/wp\/v2\/users\/2"}],"replies":[{"embeddable":true,"href":"https:\/\/www.babet.pl\/de\/wp-json\/wp\/v2\/comments?post=372"}],"version-history":[{"count":0,"href":"https:\/\/www.babet.pl\/de\/wp-json\/wp\/v2\/pages\/372\/revisions"}],"wp:attachment":[{"href":"https:\/\/www.babet.pl\/de\/wp-json\/wp\/v2\/media?parent=372"}],"curies":[{"name":"wp","href":"https:\/\/api.w.org\/{rel}","templated":true}]}}